{"id":858,"date":"2017-09-19T11:46:36","date_gmt":"2017-09-19T11:46:36","guid":{"rendered":"http:\/\/themes.muffingroup.com\/be\/cafe2\/?page_id=15"},"modified":"2023-08-13T03:31:15","modified_gmt":"2023-08-13T01:31:15","slug":"reflexologie-plantaire","status":"publish","type":"page","link":"https:\/\/lesmessagesducorps.com\/W\/reflexologie-plantaire\/","title":{"rendered":"R\u00e9flexologie Plantaire"},"content":{"rendered":"","protected":false},"excerpt":{"rendered":"","protected":false},"author":1,"featured_media":0,"parent":0,"menu_order":0,"comment_status":"closed","ping_status":"closed","template":"","meta":{"footnotes":""},"class_list":["post-858","page","type-page","status-publish","hentry"],"yoast_head":"<!-- This site is optimized with the Yoast SEO plugin v20.12 - https:\/\/yoast.com\/wordpress\/plugins\/seo\/ -->\n<title>R\u00e9flexologie Plantaire - Les Messages du Corps Paris<\/title>\n<meta name=\"description\" content=\"Exp\u00e9rimentez la r\u00e9flexologie plantaire pour une relaxation profonde et un \u00e9quilibre \u00e9nerg\u00e9tique. Nos s\u00e9ances de r\u00e9flexologie plantaire visent \u00e0 stimuler les points r\u00e9flexes des pieds, favorisant ainsi le bien-\u00eatre physique et mental. D\u00e9couvrez une approche naturelle et apaisante guid\u00e9e par notre praticien exp\u00e9riment\u00e9\" \/>\n<meta name=\"robots\" content=\"index, follow, max-snippet:-1, max-image-preview:large, max-video-preview:-1\" \/>\n<link rel=\"canonical\" href=\"https:\/\/lesmessagesducorps.com\/W\/reflexologie-plantaire\/\" \/>\n<meta property=\"og:locale\" content=\"fr_FR\" \/>\n<meta property=\"og:type\" content=\"article\" \/>\n<meta property=\"og:title\" content=\"R\u00e9flexologie Plantaire - Les Messages du Corps Paris\" \/>\n<meta property=\"og:description\" content=\"Exp\u00e9rimentez la r\u00e9flexologie plantaire pour une relaxation profonde et un \u00e9quilibre \u00e9nerg\u00e9tique. Nos s\u00e9ances de r\u00e9flexologie plantaire visent \u00e0 stimuler les points r\u00e9flexes des pieds, favorisant ainsi le bien-\u00eatre physique et mental. D\u00e9couvrez une approche naturelle et apaisante guid\u00e9e par notre praticien exp\u00e9riment\u00e9\" \/>\n<meta property=\"og:url\" content=\"https:\/\/lesmessagesducorps.com\/W\/reflexologie-plantaire\/\" \/>\n<meta property=\"og:site_name\" content=\"Les Messages du Corps Paris\" \/>\n<meta property=\"article:publisher\" content=\"https:\/\/www.facebook.com\/LESMESSAGESDUCORPS\/\" \/>\n<meta property=\"article:modified_time\" content=\"2023-08-13T01:31:15+00:00\" \/>\n<meta name=\"twitter:card\" content=\"summary_large_image\" \/>\n<script type=\"application\/ld+json\" class=\"yoast-schema-graph\">{\"@context\":\"https:\/\/schema.org\",\"@graph\":[{\"@type\":\"WebPage\",\"@id\":\"https:\/\/lesmessagesducorps.com\/W\/reflexologie-plantaire\/\",\"url\":\"https:\/\/lesmessagesducorps.com\/W\/reflexologie-plantaire\/\",\"name\":\"R\u00e9flexologie Plantaire - Les Messages du Corps Paris\",\"isPartOf\":{\"@id\":\"https:\/\/lesmessagesducorps.com\/W\/#website\"},\"datePublished\":\"2017-09-19T11:46:36+00:00\",\"dateModified\":\"2023-08-13T01:31:15+00:00\",\"description\":\"Exp\u00e9rimentez la r\u00e9flexologie plantaire pour une relaxation profonde et un \u00e9quilibre \u00e9nerg\u00e9tique. Nos s\u00e9ances de r\u00e9flexologie plantaire visent \u00e0 stimuler les points r\u00e9flexes des pieds, favorisant ainsi le bien-\u00eatre physique et mental. D\u00e9couvrez une approche naturelle et apaisante guid\u00e9e par notre praticien exp\u00e9riment\u00e9\",\"breadcrumb\":{\"@id\":\"https:\/\/lesmessagesducorps.com\/W\/reflexologie-plantaire\/#breadcrumb\"},\"inLanguage\":\"fr-FR\",\"potentialAction\":[{\"@type\":\"ReadAction\",\"target\":[\"https:\/\/lesmessagesducorps.com\/W\/reflexologie-plantaire\/\"]}]},{\"@type\":\"BreadcrumbList\",\"@id\":\"https:\/\/lesmessagesducorps.com\/W\/reflexologie-plantaire\/#breadcrumb\",\"itemListElement\":[{\"@type\":\"ListItem\",\"position\":1,\"name\":\"Accueil\",\"item\":\"https:\/\/lesmessagesducorps.com\/W\/\"},{\"@type\":\"ListItem\",\"position\":2,\"name\":\"R\u00e9flexologie Plantaire\"}]},{\"@type\":\"WebSite\",\"@id\":\"https:\/\/lesmessagesducorps.com\/W\/#website\",\"url\":\"https:\/\/lesmessagesducorps.com\/W\/\",\"name\":\"Les Messages du Corps Paris\",\"description\":\"Les Messages du Corps\",\"publisher\":{\"@id\":\"https:\/\/lesmessagesducorps.com\/W\/#organization\"},\"potentialAction\":[{\"@type\":\"SearchAction\",\"target\":{\"@type\":\"EntryPoint\",\"urlTemplate\":\"https:\/\/lesmessagesducorps.com\/W\/?s={search_term_string}\"},\"query-input\":\"required name=search_term_string\"}],\"inLanguage\":\"fr-FR\"},{\"@type\":\"Organization\",\"@id\":\"https:\/\/lesmessagesducorps.com\/W\/#organization\",\"name\":\"Les Messages du Corps Paris\",\"url\":\"https:\/\/lesmessagesducorps.com\/W\/\",\"logo\":{\"@type\":\"ImageObject\",\"inLanguage\":\"fr-FR\",\"@id\":\"https:\/\/lesmessagesducorps.com\/W\/#\/schema\/logo\/image\/\",\"url\":\"https:\/\/lesmessagesducorps.com\/W\/wp-content\/uploads\/2023\/06\/KR-STEPHAN-FLURIAN-21032023-15-45-64.jpg\",\"contentUrl\":\"https:\/\/lesmessagesducorps.com\/W\/wp-content\/uploads\/2023\/06\/KR-STEPHAN-FLURIAN-21032023-15-45-64.jpg\",\"width\":2500,\"height\":1667,\"caption\":\"Les Messages du Corps Paris\"},\"image\":{\"@id\":\"https:\/\/lesmessagesducorps.com\/W\/#\/schema\/logo\/image\/\"},\"sameAs\":[\"https:\/\/www.facebook.com\/LESMESSAGESDUCORPS\/\"]}]}<\/script>\n<!-- \/ Yoast SEO plugin. -->","yoast_head_json":{"title":"R\u00e9flexologie Plantaire - Les Messages du Corps Paris","description":"Exp\u00e9rimentez la r\u00e9flexologie plantaire pour une relaxation profonde et un \u00e9quilibre \u00e9nerg\u00e9tique. Nos s\u00e9ances de r\u00e9flexologie plantaire visent \u00e0 stimuler les points r\u00e9flexes des pieds, favorisant ainsi le bien-\u00eatre physique et mental. D\u00e9couvrez une approche naturelle et apaisante guid\u00e9e par notre praticien exp\u00e9riment\u00e9","robots":{"index":"index","follow":"follow","max-snippet":"max-snippet:-1","max-image-preview":"max-image-preview:large","max-video-preview":"max-video-preview:-1"},"canonical":"https:\/\/lesmessagesducorps.com\/W\/reflexologie-plantaire\/","og_locale":"fr_FR","og_type":"article","og_title":"R\u00e9flexologie Plantaire - Les Messages du Corps Paris","og_description":"Exp\u00e9rimentez la r\u00e9flexologie plantaire pour une relaxation profonde et un \u00e9quilibre \u00e9nerg\u00e9tique. Nos s\u00e9ances de r\u00e9flexologie plantaire visent \u00e0 stimuler les points r\u00e9flexes des pieds, favorisant ainsi le bien-\u00eatre physique et mental. D\u00e9couvrez une approche naturelle et apaisante guid\u00e9e par notre praticien exp\u00e9riment\u00e9","og_url":"https:\/\/lesmessagesducorps.com\/W\/reflexologie-plantaire\/","og_site_name":"Les Messages du Corps Paris","article_publisher":"https:\/\/www.facebook.com\/LESMESSAGESDUCORPS\/","article_modified_time":"2023-08-13T01:31:15+00:00","twitter_card":"summary_large_image","schema":{"@context":"https:\/\/schema.org","@graph":[{"@type":"WebPage","@id":"https:\/\/lesmessagesducorps.com\/W\/reflexologie-plantaire\/","url":"https:\/\/lesmessagesducorps.com\/W\/reflexologie-plantaire\/","name":"R\u00e9flexologie Plantaire - Les Messages du Corps Paris","isPartOf":{"@id":"https:\/\/lesmessagesducorps.com\/W\/#website"},"datePublished":"2017-09-19T11:46:36+00:00","dateModified":"2023-08-13T01:31:15+00:00","description":"Exp\u00e9rimentez la r\u00e9flexologie plantaire pour une relaxation profonde et un \u00e9quilibre \u00e9nerg\u00e9tique. Nos s\u00e9ances de r\u00e9flexologie plantaire visent \u00e0 stimuler les points r\u00e9flexes des pieds, favorisant ainsi le bien-\u00eatre physique et mental. D\u00e9couvrez une approche naturelle et apaisante guid\u00e9e par notre praticien exp\u00e9riment\u00e9","breadcrumb":{"@id":"https:\/\/lesmessagesducorps.com\/W\/reflexologie-plantaire\/#breadcrumb"},"inLanguage":"fr-FR","potentialAction":[{"@type":"ReadAction","target":["https:\/\/lesmessagesducorps.com\/W\/reflexologie-plantaire\/"]}]},{"@type":"BreadcrumbList","@id":"https:\/\/lesmessagesducorps.com\/W\/reflexologie-plantaire\/#breadcrumb","itemListElement":[{"@type":"ListItem","position":1,"name":"Accueil","item":"https:\/\/lesmessagesducorps.com\/W\/"},{"@type":"ListItem","position":2,"name":"R\u00e9flexologie Plantaire"}]},{"@type":"WebSite","@id":"https:\/\/lesmessagesducorps.com\/W\/#website","url":"https:\/\/lesmessagesducorps.com\/W\/","name":"Les Messages du Corps Paris","description":"Les Messages du Corps","publisher":{"@id":"https:\/\/lesmessagesducorps.com\/W\/#organization"},"potentialAction":[{"@type":"SearchAction","target":{"@type":"EntryPoint","urlTemplate":"https:\/\/lesmessagesducorps.com\/W\/?s={search_term_string}"},"query-input":"required name=search_term_string"}],"inLanguage":"fr-FR"},{"@type":"Organization","@id":"https:\/\/lesmessagesducorps.com\/W\/#organization","name":"Les Messages du Corps Paris","url":"https:\/\/lesmessagesducorps.com\/W\/","logo":{"@type":"ImageObject","inLanguage":"fr-FR","@id":"https:\/\/lesmessagesducorps.com\/W\/#\/schema\/logo\/image\/","url":"https:\/\/lesmessagesducorps.com\/W\/wp-content\/uploads\/2023\/06\/KR-STEPHAN-FLURIAN-21032023-15-45-64.jpg","contentUrl":"https:\/\/lesmessagesducorps.com\/W\/wp-content\/uploads\/2023\/06\/KR-STEPHAN-FLURIAN-21032023-15-45-64.jpg","width":2500,"height":1667,"caption":"Les Messages du Corps Paris"},"image":{"@id":"https:\/\/lesmessagesducorps.com\/W\/#\/schema\/logo\/image\/"},"sameAs":["https:\/\/www.facebook.com\/LESMESSAGESDUCORPS\/"]}]}},"_links":{"self":[{"href":"https:\/\/lesmessagesducorps.com\/W\/wp-json\/wp\/v2\/pages\/858","targetHints":{"allow":["GET"]}}],"collection":[{"href":"https:\/\/lesmessagesducorps.com\/W\/wp-json\/wp\/v2\/pages"}],"about":[{"href":"https:\/\/lesmessagesducorps.com\/W\/wp-json\/wp\/v2\/types\/page"}],"author":[{"embeddable":true,"href":"https:\/\/lesmessagesducorps.com\/W\/wp-json\/wp\/v2\/users\/1"}],"replies":[{"embeddable":true,"href":"https:\/\/lesmessagesducorps.com\/W\/wp-json\/wp\/v2\/comments?post=858"}],"version-history":[{"count":1,"href":"https:\/\/lesmessagesducorps.com\/W\/wp-json\/wp\/v2\/pages\/858\/revisions"}],"predecessor-version":[{"id":889,"href":"https:\/\/lesmessagesducorps.com\/W\/wp-json\/wp\/v2\/pages\/858\/revisions\/889"}],"wp:attachment":[{"href":"https:\/\/lesmessagesducorps.com\/W\/wp-json\/wp\/v2\/media?parent=858"}],"curies":[{"name":"wp","href":"https:\/\/api.w.org\/{rel}","templated":true}]}}