{"id":898,"date":"2023-08-06T07:25:11","date_gmt":"2023-08-06T05:25:11","guid":{"rendered":"https:\/\/lesmessagesducorps.com\/W\/?page_id=898"},"modified":"2023-08-13T03:25:24","modified_gmt":"2023-08-13T01:25:24","slug":"psycho-energetique","status":"publish","type":"page","link":"https:\/\/lesmessagesducorps.com\/W\/psycho-energetique\/","title":{"rendered":"Psycho-\u00c9nerg\u00e9tique"},"content":{"rendered":"","protected":false},"excerpt":{"rendered":"","protected":false},"author":1,"featured_media":0,"parent":0,"menu_order":0,"comment_status":"closed","ping_status":"closed","template":"","meta":{"footnotes":""},"class_list":["post-898","page","type-page","status-publish","hentry"],"yoast_head":"<!-- This site is optimized with the Yoast SEO plugin v20.12 - https:\/\/yoast.com\/wordpress\/plugins\/seo\/ -->\n<title>Psycho-\u00c9nerg\u00e9tique - Les Messages du Corps Paris<\/title>\n<meta name=\"description\" content=\"D\u00e9couvrez notre approche de la psycho-\u00e9nerg\u00e9tique, une th\u00e9rapie holistique pour l&#039;\u00e9quilibre mental et \u00e9motionnel. Nos soins sont con\u00e7us pour vous aider \u00e0 lib\u00e9rer le stress, g\u00e9rer les \u00e9motions et retrouver la s\u00e9r\u00e9nit\u00e9 int\u00e9rieure. Prenez rendez-vous pour une exp\u00e9rience de bien-\u00eatre profond\" \/>\n<meta name=\"robots\" content=\"index, follow, max-snippet:-1, max-image-preview:large, max-video-preview:-1\" \/>\n<link rel=\"canonical\" href=\"https:\/\/lesmessagesducorps.com\/W\/psycho-energetique\/\" \/>\n<meta property=\"og:locale\" content=\"fr_FR\" \/>\n<meta property=\"og:type\" content=\"article\" \/>\n<meta property=\"og:title\" content=\"Psycho-\u00c9nerg\u00e9tique - Les Messages du Corps Paris\" \/>\n<meta property=\"og:description\" content=\"D\u00e9couvrez notre approche de la psycho-\u00e9nerg\u00e9tique, une th\u00e9rapie holistique pour l&#039;\u00e9quilibre mental et \u00e9motionnel. Nos soins sont con\u00e7us pour vous aider \u00e0 lib\u00e9rer le stress, g\u00e9rer les \u00e9motions et retrouver la s\u00e9r\u00e9nit\u00e9 int\u00e9rieure. Prenez rendez-vous pour une exp\u00e9rience de bien-\u00eatre profond\" \/>\n<meta property=\"og:url\" content=\"https:\/\/lesmessagesducorps.com\/W\/psycho-energetique\/\" \/>\n<meta property=\"og:site_name\" content=\"Les Messages du Corps Paris\" \/>\n<meta property=\"article:publisher\" content=\"https:\/\/www.facebook.com\/LESMESSAGESDUCORPS\/\" \/>\n<meta property=\"article:modified_time\" content=\"2023-08-13T01:25:24+00:00\" \/>\n<meta name=\"twitter:card\" content=\"summary_large_image\" \/>\n<script type=\"application\/ld+json\" class=\"yoast-schema-graph\">{\"@context\":\"https:\/\/schema.org\",\"@graph\":[{\"@type\":\"WebPage\",\"@id\":\"https:\/\/lesmessagesducorps.com\/W\/psycho-energetique\/\",\"url\":\"https:\/\/lesmessagesducorps.com\/W\/psycho-energetique\/\",\"name\":\"Psycho-\u00c9nerg\u00e9tique - Les Messages du Corps Paris\",\"isPartOf\":{\"@id\":\"https:\/\/lesmessagesducorps.com\/W\/#website\"},\"datePublished\":\"2023-08-06T05:25:11+00:00\",\"dateModified\":\"2023-08-13T01:25:24+00:00\",\"description\":\"D\u00e9couvrez notre approche de la psycho-\u00e9nerg\u00e9tique, une th\u00e9rapie holistique pour l'\u00e9quilibre mental et \u00e9motionnel. Nos soins sont con\u00e7us pour vous aider \u00e0 lib\u00e9rer le stress, g\u00e9rer les \u00e9motions et retrouver la s\u00e9r\u00e9nit\u00e9 int\u00e9rieure. Prenez rendez-vous pour une exp\u00e9rience de bien-\u00eatre profond\",\"breadcrumb\":{\"@id\":\"https:\/\/lesmessagesducorps.com\/W\/psycho-energetique\/#breadcrumb\"},\"inLanguage\":\"fr-FR\",\"potentialAction\":[{\"@type\":\"ReadAction\",\"target\":[\"https:\/\/lesmessagesducorps.com\/W\/psycho-energetique\/\"]}]},{\"@type\":\"BreadcrumbList\",\"@id\":\"https:\/\/lesmessagesducorps.com\/W\/psycho-energetique\/#breadcrumb\",\"itemListElement\":[{\"@type\":\"ListItem\",\"position\":1,\"name\":\"Accueil\",\"item\":\"https:\/\/lesmessagesducorps.com\/W\/\"},{\"@type\":\"ListItem\",\"position\":2,\"name\":\"Psycho-\u00c9nerg\u00e9tique\"}]},{\"@type\":\"WebSite\",\"@id\":\"https:\/\/lesmessagesducorps.com\/W\/#website\",\"url\":\"https:\/\/lesmessagesducorps.com\/W\/\",\"name\":\"Les Messages du Corps Paris\",\"description\":\"Les Messages du Corps\",\"publisher\":{\"@id\":\"https:\/\/lesmessagesducorps.com\/W\/#organization\"},\"potentialAction\":[{\"@type\":\"SearchAction\",\"target\":{\"@type\":\"EntryPoint\",\"urlTemplate\":\"https:\/\/lesmessagesducorps.com\/W\/?s={search_term_string}\"},\"query-input\":\"required name=search_term_string\"}],\"inLanguage\":\"fr-FR\"},{\"@type\":\"Organization\",\"@id\":\"https:\/\/lesmessagesducorps.com\/W\/#organization\",\"name\":\"Les Messages du Corps Paris\",\"url\":\"https:\/\/lesmessagesducorps.com\/W\/\",\"logo\":{\"@type\":\"ImageObject\",\"inLanguage\":\"fr-FR\",\"@id\":\"https:\/\/lesmessagesducorps.com\/W\/#\/schema\/logo\/image\/\",\"url\":\"https:\/\/lesmessagesducorps.com\/W\/wp-content\/uploads\/2023\/06\/KR-STEPHAN-FLURIAN-21032023-15-45-64.jpg\",\"contentUrl\":\"https:\/\/lesmessagesducorps.com\/W\/wp-content\/uploads\/2023\/06\/KR-STEPHAN-FLURIAN-21032023-15-45-64.jpg\",\"width\":2500,\"height\":1667,\"caption\":\"Les Messages du Corps Paris\"},\"image\":{\"@id\":\"https:\/\/lesmessagesducorps.com\/W\/#\/schema\/logo\/image\/\"},\"sameAs\":[\"https:\/\/www.facebook.com\/LESMESSAGESDUCORPS\/\"]}]}<\/script>\n<!-- \/ Yoast SEO plugin. -->","yoast_head_json":{"title":"Psycho-\u00c9nerg\u00e9tique - Les Messages du Corps Paris","description":"D\u00e9couvrez notre approche de la psycho-\u00e9nerg\u00e9tique, une th\u00e9rapie holistique pour l'\u00e9quilibre mental et \u00e9motionnel. Nos soins sont con\u00e7us pour vous aider \u00e0 lib\u00e9rer le stress, g\u00e9rer les \u00e9motions et retrouver la s\u00e9r\u00e9nit\u00e9 int\u00e9rieure. Prenez rendez-vous pour une exp\u00e9rience de bien-\u00eatre profond","robots":{"index":"index","follow":"follow","max-snippet":"max-snippet:-1","max-image-preview":"max-image-preview:large","max-video-preview":"max-video-preview:-1"},"canonical":"https:\/\/lesmessagesducorps.com\/W\/psycho-energetique\/","og_locale":"fr_FR","og_type":"article","og_title":"Psycho-\u00c9nerg\u00e9tique - Les Messages du Corps Paris","og_description":"D\u00e9couvrez notre approche de la psycho-\u00e9nerg\u00e9tique, une th\u00e9rapie holistique pour l'\u00e9quilibre mental et \u00e9motionnel. Nos soins sont con\u00e7us pour vous aider \u00e0 lib\u00e9rer le stress, g\u00e9rer les \u00e9motions et retrouver la s\u00e9r\u00e9nit\u00e9 int\u00e9rieure. Prenez rendez-vous pour une exp\u00e9rience de bien-\u00eatre profond","og_url":"https:\/\/lesmessagesducorps.com\/W\/psycho-energetique\/","og_site_name":"Les Messages du Corps Paris","article_publisher":"https:\/\/www.facebook.com\/LESMESSAGESDUCORPS\/","article_modified_time":"2023-08-13T01:25:24+00:00","twitter_card":"summary_large_image","schema":{"@context":"https:\/\/schema.org","@graph":[{"@type":"WebPage","@id":"https:\/\/lesmessagesducorps.com\/W\/psycho-energetique\/","url":"https:\/\/lesmessagesducorps.com\/W\/psycho-energetique\/","name":"Psycho-\u00c9nerg\u00e9tique - Les Messages du Corps Paris","isPartOf":{"@id":"https:\/\/lesmessagesducorps.com\/W\/#website"},"datePublished":"2023-08-06T05:25:11+00:00","dateModified":"2023-08-13T01:25:24+00:00","description":"D\u00e9couvrez notre approche de la psycho-\u00e9nerg\u00e9tique, une th\u00e9rapie holistique pour l'\u00e9quilibre mental et \u00e9motionnel. Nos soins sont con\u00e7us pour vous aider \u00e0 lib\u00e9rer le stress, g\u00e9rer les \u00e9motions et retrouver la s\u00e9r\u00e9nit\u00e9 int\u00e9rieure. Prenez rendez-vous pour une exp\u00e9rience de bien-\u00eatre profond","breadcrumb":{"@id":"https:\/\/lesmessagesducorps.com\/W\/psycho-energetique\/#breadcrumb"},"inLanguage":"fr-FR","potentialAction":[{"@type":"ReadAction","target":["https:\/\/lesmessagesducorps.com\/W\/psycho-energetique\/"]}]},{"@type":"BreadcrumbList","@id":"https:\/\/lesmessagesducorps.com\/W\/psycho-energetique\/#breadcrumb","itemListElement":[{"@type":"ListItem","position":1,"name":"Accueil","item":"https:\/\/lesmessagesducorps.com\/W\/"},{"@type":"ListItem","position":2,"name":"Psycho-\u00c9nerg\u00e9tique"}]},{"@type":"WebSite","@id":"https:\/\/lesmessagesducorps.com\/W\/#website","url":"https:\/\/lesmessagesducorps.com\/W\/","name":"Les Messages du Corps Paris","description":"Les Messages du Corps","publisher":{"@id":"https:\/\/lesmessagesducorps.com\/W\/#organization"},"potentialAction":[{"@type":"SearchAction","target":{"@type":"EntryPoint","urlTemplate":"https:\/\/lesmessagesducorps.com\/W\/?s={search_term_string}"},"query-input":"required name=search_term_string"}],"inLanguage":"fr-FR"},{"@type":"Organization","@id":"https:\/\/lesmessagesducorps.com\/W\/#organization","name":"Les Messages du Corps Paris","url":"https:\/\/lesmessagesducorps.com\/W\/","logo":{"@type":"ImageObject","inLanguage":"fr-FR","@id":"https:\/\/lesmessagesducorps.com\/W\/#\/schema\/logo\/image\/","url":"https:\/\/lesmessagesducorps.com\/W\/wp-content\/uploads\/2023\/06\/KR-STEPHAN-FLURIAN-21032023-15-45-64.jpg","contentUrl":"https:\/\/lesmessagesducorps.com\/W\/wp-content\/uploads\/2023\/06\/KR-STEPHAN-FLURIAN-21032023-15-45-64.jpg","width":2500,"height":1667,"caption":"Les Messages du Corps Paris"},"image":{"@id":"https:\/\/lesmessagesducorps.com\/W\/#\/schema\/logo\/image\/"},"sameAs":["https:\/\/www.facebook.com\/LESMESSAGESDUCORPS\/"]}]}},"_links":{"self":[{"href":"https:\/\/lesmessagesducorps.com\/W\/wp-json\/wp\/v2\/pages\/898","targetHints":{"allow":["GET"]}}],"collection":[{"href":"https:\/\/lesmessagesducorps.com\/W\/wp-json\/wp\/v2\/pages"}],"about":[{"href":"https:\/\/lesmessagesducorps.com\/W\/wp-json\/wp\/v2\/types\/page"}],"author":[{"embeddable":true,"href":"https:\/\/lesmessagesducorps.com\/W\/wp-json\/wp\/v2\/users\/1"}],"replies":[{"embeddable":true,"href":"https:\/\/lesmessagesducorps.com\/W\/wp-json\/wp\/v2\/comments?post=898"}],"version-history":[{"count":1,"href":"https:\/\/lesmessagesducorps.com\/W\/wp-json\/wp\/v2\/pages\/898\/revisions"}],"predecessor-version":[{"id":899,"href":"https:\/\/lesmessagesducorps.com\/W\/wp-json\/wp\/v2\/pages\/898\/revisions\/899"}],"wp:attachment":[{"href":"https:\/\/lesmessagesducorps.com\/W\/wp-json\/wp\/v2\/media?parent=898"}],"curies":[{"name":"wp","href":"https:\/\/api.w.org\/{rel}","templated":true}]}}