{"id":91,"date":"2017-09-19T08:07:32","date_gmt":"2017-09-19T08:07:32","guid":{"rendered":"http:\/\/themes.muffingroup.com\/be\/cafe2\/?page_id=2"},"modified":"2023-07-30T21:29:35","modified_gmt":"2023-07-30T19:29:35","slug":"home-2","status":"publish","type":"page","link":"https:\/\/lesmessagesducorps.com\/W\/","title":{"rendered":"Home"},"content":{"rendered":"\t\t<div data-elementor-type=\"wp-page\" data-elementor-id=\"91\" class=\"elementor elementor-91\" data-elementor-settings=\"[]\">\n\t\t\t\t\t\t\t<div class=\"elementor-section-wrap\">\n\t\t\t\t\t\t\t<section class=\"elementor-section elementor-top-section elementor-element elementor-element-ae745aa elementor-section-full_width elementor-section-stretched elementor-section-height-default elementor-section-height-default\" data-id=\"ae745aa\" data-element_type=\"section\" data-settings=\"{&quot;stretch_section&quot;:&quot;section-stretched&quot;}\">\n\t\t\t\t\t\t<div class=\"elementor-container elementor-column-gap-default\">\n\t\t\t\t\t<div class=\"elementor-column elementor-col-100 elementor-top-column elementor-element elementor-element-3e90d61\" data-id=\"3e90d61\" data-element_type=\"column\">\n\t\t\t<div class=\"elementor-widget-wrap\">\n\t\t\t\t\t\t\t\t\t<\/div>\n\t\t<\/div>\n\t\t\t\t\t\t\t<\/div>\n\t\t<\/section>\n\t\t\t\t<section class=\"elementor-section elementor-top-section elementor-element elementor-element-e57a310 elementor-section-full_width elementor-section-height-default elementor-section-height-default\" data-id=\"e57a310\" data-element_type=\"section\">\n\t\t\t\t\t\t<div class=\"elementor-container elementor-column-gap-default\">\n\t\t\t\t\t<div class=\"elementor-column elementor-col-100 elementor-top-column elementor-element elementor-element-9467a0a\" data-id=\"9467a0a\" data-element_type=\"column\">\n\t\t\t<div class=\"elementor-widget-wrap\">\n\t\t\t\t\t\t\t\t\t<\/div>\n\t\t<\/div>\n\t\t\t\t\t\t\t<\/div>\n\t\t<\/section>\n\t\t\t\t\t\t<\/div>\n\t\t\t\t\t<\/div>\n\t\t","protected":false},"excerpt":{"rendered":"<p>Bienvenue chez Les Messages du Corps &#8211; St\u00e9phane Flurian, th\u00e9rapeute \u00e0 Paris !<br \/>\nVotre corps est le reflet de vos exp\u00e9riences, \u00e9motions et de votre v\u00e9cu. Parfois, ces traces se manifestent sous la forme de sympt\u00f4mes ou d&rsquo;interrogations. Mais derri\u00e8re chaque signe se cache un indice \u00e0 d\u00e9coder. C&rsquo;est l\u00e0 que nous intervenons !<\/p>\n<p>St\u00e9phane Flurian vous propose une approche unique, en \u00e9coutant attentivement vos ressentis et besoins. Nos outils th\u00e9rapeutiques vari\u00e9s, tels que le r\u00e9\u00e9quilibrage \u00e9nerg\u00e9tique, la r\u00e9flexologie plantaire et faciale, les ventouses, la moxibution, la kin\u00e9siologie et les tuinas, sont adapt\u00e9s \u00e0 chaque moment de votre parcours.<br \/>\nNos s\u00e9ances vous permettent d&rsquo;explorer les pr\u00e9cieux \u00ab\u00a0messages du corps\u00a0\u00bb, des cl\u00e9s essentielles pour mettre des mots sur vos maux, d\u00e9passer vos blocages et lib\u00e9rer un potentiel cach\u00e9. Prenez en main votre bien-\u00eatre et devenez pleinement responsable de vos choix sur la voie de la r\u00e9alisation.<br \/>\nChoisissez Les Messages du Corps pour une transformation int\u00e9rieure et une meilleure compr\u00e9hension de vous-m\u00eame. Contactez-nous d\u00e8s maintenant pour prendre rendez-vous et commencer votre voyage vers l&rsquo;harmonie et l&rsquo;\u00e9panouissement.<\/p>\n","protected":false},"author":1,"featured_media":840,"parent":0,"menu_order":0,"comment_status":"closed","ping_status":"open","template":"","meta":{"footnotes":""},"class_list":["post-91","page","type-page","status-publish","has-post-thumbnail","hentry"],"yoast_head":"<!-- This site is optimized with the Yoast SEO plugin v20.12 - https:\/\/yoast.com\/wordpress\/plugins\/seo\/ -->\n<title>Les Messages du Corps Paris<\/title>\n<meta name=\"description\" content=\"Mettez des mots sur vos maux et lib\u00e9rez votre potentiel avec Les Messages du Corps - St\u00e9phane Flurian, th\u00e9rapeute \u00e0 Paris. D\u00e9couvrez nos outils de r\u00e9\u00e9quilibrage \u00e9nerg\u00e9tique, r\u00e9flexologie plantaire et faciale, ventouses, moxibution, kin\u00e9siologie, et bien plus. Explorez les &quot;messages du corps&quot; pour \u00eatre pleinement responsable de vos choix et avancer sur la voie de la r\u00e9alisation.\" \/>\n<meta name=\"robots\" content=\"index, follow, max-snippet:-1, max-image-preview:large, max-video-preview:-1\" \/>\n<link rel=\"canonical\" href=\"https:\/\/lesmessagesducorps.com\/W\/\" \/>\n<meta property=\"og:locale\" content=\"fr_FR\" \/>\n<meta property=\"og:type\" content=\"article\" \/>\n<meta property=\"og:title\" content=\"Les Messages du Corps Paris\" \/>\n<meta property=\"og:description\" content=\"Mettez des mots sur vos maux et lib\u00e9rez votre potentiel avec Les Messages du Corps - St\u00e9phane Flurian, th\u00e9rapeute \u00e0 Paris. D\u00e9couvrez nos outils de r\u00e9\u00e9quilibrage \u00e9nerg\u00e9tique, r\u00e9flexologie plantaire et faciale, ventouses, moxibution, kin\u00e9siologie, et bien plus. Explorez les &quot;messages du corps&quot; pour \u00eatre pleinement responsable de vos choix et avancer sur la voie de la r\u00e9alisation.\" \/>\n<meta property=\"og:url\" content=\"https:\/\/lesmessagesducorps.com\/W\/\" \/>\n<meta property=\"og:site_name\" content=\"Les Messages du Corps Paris\" \/>\n<meta property=\"article:publisher\" content=\"https:\/\/www.facebook.com\/LESMESSAGESDUCORPS\/\" \/>\n<meta property=\"article:modified_time\" content=\"2023-07-30T19:29:35+00:00\" \/>\n<meta property=\"og:image\" content=\"https:\/\/lesmessagesducorps.com\/W\/wp-content\/uploads\/2023\/06\/cropped-mobile.jpg\" \/>\n\t<meta property=\"og:image:width\" content=\"571\" \/>\n\t<meta property=\"og:image:height\" content=\"50\" \/>\n\t<meta property=\"og:image:type\" content=\"image\/jpeg\" \/>\n<meta name=\"twitter:card\" content=\"summary_large_image\" \/>\n<script type=\"application\/ld+json\" class=\"yoast-schema-graph\">{\"@context\":\"https:\/\/schema.org\",\"@graph\":[{\"@type\":\"WebPage\",\"@id\":\"https:\/\/lesmessagesducorps.com\/W\/\",\"url\":\"https:\/\/lesmessagesducorps.com\/W\/\",\"name\":\"Les Messages du Corps Paris\",\"isPartOf\":{\"@id\":\"https:\/\/lesmessagesducorps.com\/W\/#website\"},\"datePublished\":\"2017-09-19T08:07:32+00:00\",\"dateModified\":\"2023-07-30T19:29:35+00:00\",\"description\":\"Mettez des mots sur vos maux et lib\u00e9rez votre potentiel avec Les Messages du Corps - St\u00e9phane Flurian, th\u00e9rapeute \u00e0 Paris. D\u00e9couvrez nos outils de r\u00e9\u00e9quilibrage \u00e9nerg\u00e9tique, r\u00e9flexologie plantaire et faciale, ventouses, moxibution, kin\u00e9siologie, et bien plus. Explorez les \\\"messages du corps\\\" pour \u00eatre pleinement responsable de vos choix et avancer sur la voie de la r\u00e9alisation.\",\"breadcrumb\":{\"@id\":\"https:\/\/lesmessagesducorps.com\/W\/#breadcrumb\"},\"inLanguage\":\"fr-FR\",\"potentialAction\":[{\"@type\":\"ReadAction\",\"target\":[\"https:\/\/lesmessagesducorps.com\/W\/\"]}]},{\"@type\":\"BreadcrumbList\",\"@id\":\"https:\/\/lesmessagesducorps.com\/W\/#breadcrumb\",\"itemListElement\":[{\"@type\":\"ListItem\",\"position\":1,\"name\":\"Accueil\",\"item\":\"https:\/\/lesmessagesducorps.com\/W\/\"},{\"@type\":\"ListItem\",\"position\":2,\"name\":\"Home\"}]},{\"@type\":\"WebSite\",\"@id\":\"https:\/\/lesmessagesducorps.com\/W\/#website\",\"url\":\"https:\/\/lesmessagesducorps.com\/W\/\",\"name\":\"Les Messages du Corps Paris\",\"description\":\"Les Messages du Corps\",\"publisher\":{\"@id\":\"https:\/\/lesmessagesducorps.com\/W\/#organization\"},\"potentialAction\":[{\"@type\":\"SearchAction\",\"target\":{\"@type\":\"EntryPoint\",\"urlTemplate\":\"https:\/\/lesmessagesducorps.com\/W\/?s={search_term_string}\"},\"query-input\":\"required name=search_term_string\"}],\"inLanguage\":\"fr-FR\"},{\"@type\":\"Organization\",\"@id\":\"https:\/\/lesmessagesducorps.com\/W\/#organization\",\"name\":\"Les Messages du Corps Paris\",\"url\":\"https:\/\/lesmessagesducorps.com\/W\/\",\"logo\":{\"@type\":\"ImageObject\",\"inLanguage\":\"fr-FR\",\"@id\":\"https:\/\/lesmessagesducorps.com\/W\/#\/schema\/logo\/image\/\",\"url\":\"https:\/\/lesmessagesducorps.com\/W\/wp-content\/uploads\/2023\/06\/KR-STEPHAN-FLURIAN-21032023-15-45-64.jpg\",\"contentUrl\":\"https:\/\/lesmessagesducorps.com\/W\/wp-content\/uploads\/2023\/06\/KR-STEPHAN-FLURIAN-21032023-15-45-64.jpg\",\"width\":2500,\"height\":1667,\"caption\":\"Les Messages du Corps Paris\"},\"image\":{\"@id\":\"https:\/\/lesmessagesducorps.com\/W\/#\/schema\/logo\/image\/\"},\"sameAs\":[\"https:\/\/www.facebook.com\/LESMESSAGESDUCORPS\/\"]}]}<\/script>\n<!-- \/ Yoast SEO plugin. -->","yoast_head_json":{"title":"Les Messages du Corps Paris","description":"Mettez des mots sur vos maux et lib\u00e9rez votre potentiel avec Les Messages du Corps - St\u00e9phane Flurian, th\u00e9rapeute \u00e0 Paris. D\u00e9couvrez nos outils de r\u00e9\u00e9quilibrage \u00e9nerg\u00e9tique, r\u00e9flexologie plantaire et faciale, ventouses, moxibution, kin\u00e9siologie, et bien plus. Explorez les \"messages du corps\" pour \u00eatre pleinement responsable de vos choix et avancer sur la voie de la r\u00e9alisation.","robots":{"index":"index","follow":"follow","max-snippet":"max-snippet:-1","max-image-preview":"max-image-preview:large","max-video-preview":"max-video-preview:-1"},"canonical":"https:\/\/lesmessagesducorps.com\/W\/","og_locale":"fr_FR","og_type":"article","og_title":"Les Messages du Corps Paris","og_description":"Mettez des mots sur vos maux et lib\u00e9rez votre potentiel avec Les Messages du Corps - St\u00e9phane Flurian, th\u00e9rapeute \u00e0 Paris. D\u00e9couvrez nos outils de r\u00e9\u00e9quilibrage \u00e9nerg\u00e9tique, r\u00e9flexologie plantaire et faciale, ventouses, moxibution, kin\u00e9siologie, et bien plus. Explorez les \"messages du corps\" pour \u00eatre pleinement responsable de vos choix et avancer sur la voie de la r\u00e9alisation.","og_url":"https:\/\/lesmessagesducorps.com\/W\/","og_site_name":"Les Messages du Corps Paris","article_publisher":"https:\/\/www.facebook.com\/LESMESSAGESDUCORPS\/","article_modified_time":"2023-07-30T19:29:35+00:00","og_image":[{"width":571,"height":50,"url":"https:\/\/lesmessagesducorps.com\/W\/wp-content\/uploads\/2023\/06\/cropped-mobile.jpg","type":"image\/jpeg"}],"twitter_card":"summary_large_image","schema":{"@context":"https:\/\/schema.org","@graph":[{"@type":"WebPage","@id":"https:\/\/lesmessagesducorps.com\/W\/","url":"https:\/\/lesmessagesducorps.com\/W\/","name":"Les Messages du Corps Paris","isPartOf":{"@id":"https:\/\/lesmessagesducorps.com\/W\/#website"},"datePublished":"2017-09-19T08:07:32+00:00","dateModified":"2023-07-30T19:29:35+00:00","description":"Mettez des mots sur vos maux et lib\u00e9rez votre potentiel avec Les Messages du Corps - St\u00e9phane Flurian, th\u00e9rapeute \u00e0 Paris. D\u00e9couvrez nos outils de r\u00e9\u00e9quilibrage \u00e9nerg\u00e9tique, r\u00e9flexologie plantaire et faciale, ventouses, moxibution, kin\u00e9siologie, et bien plus. Explorez les \"messages du corps\" pour \u00eatre pleinement responsable de vos choix et avancer sur la voie de la r\u00e9alisation.","breadcrumb":{"@id":"https:\/\/lesmessagesducorps.com\/W\/#breadcrumb"},"inLanguage":"fr-FR","potentialAction":[{"@type":"ReadAction","target":["https:\/\/lesmessagesducorps.com\/W\/"]}]},{"@type":"BreadcrumbList","@id":"https:\/\/lesmessagesducorps.com\/W\/#breadcrumb","itemListElement":[{"@type":"ListItem","position":1,"name":"Accueil","item":"https:\/\/lesmessagesducorps.com\/W\/"},{"@type":"ListItem","position":2,"name":"Home"}]},{"@type":"WebSite","@id":"https:\/\/lesmessagesducorps.com\/W\/#website","url":"https:\/\/lesmessagesducorps.com\/W\/","name":"Les Messages du Corps Paris","description":"Les Messages du Corps","publisher":{"@id":"https:\/\/lesmessagesducorps.com\/W\/#organization"},"potentialAction":[{"@type":"SearchAction","target":{"@type":"EntryPoint","urlTemplate":"https:\/\/lesmessagesducorps.com\/W\/?s={search_term_string}"},"query-input":"required name=search_term_string"}],"inLanguage":"fr-FR"},{"@type":"Organization","@id":"https:\/\/lesmessagesducorps.com\/W\/#organization","name":"Les Messages du Corps Paris","url":"https:\/\/lesmessagesducorps.com\/W\/","logo":{"@type":"ImageObject","inLanguage":"fr-FR","@id":"https:\/\/lesmessagesducorps.com\/W\/#\/schema\/logo\/image\/","url":"https:\/\/lesmessagesducorps.com\/W\/wp-content\/uploads\/2023\/06\/KR-STEPHAN-FLURIAN-21032023-15-45-64.jpg","contentUrl":"https:\/\/lesmessagesducorps.com\/W\/wp-content\/uploads\/2023\/06\/KR-STEPHAN-FLURIAN-21032023-15-45-64.jpg","width":2500,"height":1667,"caption":"Les Messages du Corps Paris"},"image":{"@id":"https:\/\/lesmessagesducorps.com\/W\/#\/schema\/logo\/image\/"},"sameAs":["https:\/\/www.facebook.com\/LESMESSAGESDUCORPS\/"]}]}},"_links":{"self":[{"href":"https:\/\/lesmessagesducorps.com\/W\/wp-json\/wp\/v2\/pages\/91","targetHints":{"allow":["GET"]}}],"collection":[{"href":"https:\/\/lesmessagesducorps.com\/W\/wp-json\/wp\/v2\/pages"}],"about":[{"href":"https:\/\/lesmessagesducorps.com\/W\/wp-json\/wp\/v2\/types\/page"}],"author":[{"embeddable":true,"href":"https:\/\/lesmessagesducorps.com\/W\/wp-json\/wp\/v2\/users\/1"}],"replies":[{"embeddable":true,"href":"https:\/\/lesmessagesducorps.com\/W\/wp-json\/wp\/v2\/comments?post=91"}],"version-history":[{"count":17,"href":"https:\/\/lesmessagesducorps.com\/W\/wp-json\/wp\/v2\/pages\/91\/revisions"}],"predecessor-version":[{"id":854,"href":"https:\/\/lesmessagesducorps.com\/W\/wp-json\/wp\/v2\/pages\/91\/revisions\/854"}],"wp:featuredmedia":[{"embeddable":true,"href":"https:\/\/lesmessagesducorps.com\/W\/wp-json\/wp\/v2\/media\/840"}],"wp:attachment":[{"href":"https:\/\/lesmessagesducorps.com\/W\/wp-json\/wp\/v2\/media?parent=91"}],"curies":[{"name":"wp","href":"https:\/\/api.w.org\/{rel}","templated":true}]}}